{"id":1006,"date":"2023-11-19T22:49:00","date_gmt":"2023-11-19T22:49:00","guid":{"rendered":"https:\/\/heavenproperties.com\/how-to-buy-hungarian\/"},"modified":"2025-12-16T00:26:50","modified_gmt":"2025-12-16T00:26:50","slug":"buy-2","status":"publish","type":"page","link":"https:\/\/heavenproperties.com\/hu\/buy-2\/","title":{"rendered":"Hogyan v\u00e1s\u00e1rolj"},"content":{"rendered":"<div id=\"cs-content\" class=\"cs-content\"><\/div>\n","protected":false},"excerpt":{"rendered":"<p>\u00c9lj Dubai-ban, \u00e9lj az \u00c9denben.Hogyan v\u00e1s\u00e1rolj? V\u00e1s\u00e1rl\u00e1si folyamat. I. Tal\u00e1ljuk meg k\u00f6z\u00f6sen a sz\u00e1modra legide\u00e1lisabb ingatlant. II. \u00cdrd al\u00e1 az ad\u00e1sv\u00e9teli szerz\u0151d\u00e9st \u00e9s regisztr\u00e1ljuk a Dubai Land Department-n\u00e9l. III. Fizesd be az els\u0151 v\u00e9tel\u00e1r r\u00e9szletet, regisztr\u00e1ci\u00f3s \u00e9s adminisztr\u00e1ci\u00f3s k\u00f6lts\u00e9geket. IV. Az ingatlan elk\u00e9sz\u00fclte \u00e9s a teljes v\u00e9tel\u00e1r megfizet\u00e9se ut\u00e1n birtokba is veheted! V. B\u00e9rbead\u00e1s eset\u00e9n k\u00f6ss b\u00e9rleti szerz\u0151d\u00e9st a kiv\u00e1lasztott &#8230; <a href=\"https:\/\/heavenproperties.com\/hu\/buy-2\/\" class=\"more-link\">Read More<\/a><\/p>\n","protected":false},"author":1,"featured_media":0,"parent":0,"menu_order":0,"comment_status":"closed","ping_status":"closed","template":"template-blank-4.php","meta":{"_acf_changed":false,"inline_featured_image":false,"footnotes":""},"class_list":["post-1006","page","type-page","status-publish","hentry","no-post-thumbnail"],"acf":[],"aioseo_notices":[],"_links":{"self":[{"href":"https:\/\/heavenproperties.com\/hu\/wp-json\/wp\/v2\/pages\/1006","targetHints":{"allow":["GET"]}}],"collection":[{"href":"https:\/\/heavenproperties.com\/hu\/wp-json\/wp\/v2\/pages"}],"about":[{"href":"https:\/\/heavenproperties.com\/hu\/wp-json\/wp\/v2\/types\/page"}],"author":[{"embeddable":true,"href":"https:\/\/heavenproperties.com\/hu\/wp-json\/wp\/v2\/users\/1"}],"replies":[{"embeddable":true,"href":"https:\/\/heavenproperties.com\/hu\/wp-json\/wp\/v2\/comments?post=1006"}],"version-history":[{"count":18,"href":"https:\/\/heavenproperties.com\/hu\/wp-json\/wp\/v2\/pages\/1006\/revisions"}],"predecessor-version":[{"id":115565,"href":"https:\/\/heavenproperties.com\/hu\/wp-json\/wp\/v2\/pages\/1006\/revisions\/115565"}],"wp:attachment":[{"href":"https:\/\/heavenproperties.com\/hu\/wp-json\/wp\/v2\/media?parent=1006"}],"curies":[{"name":"wp","href":"https:\/\/api.w.org\/{rel}","templated":true}]}}