{"id":1014,"date":"2023-12-21T21:53:30","date_gmt":"2023-12-21T21:53:30","guid":{"rendered":"https:\/\/heavenproperties.com\/off-plan-properties-hungarian\/"},"modified":"2025-12-16T00:29:03","modified_gmt":"2025-12-16T00:29:03","slug":"off-plan-properties-2","status":"publish","type":"page","link":"https:\/\/heavenproperties.com\/hu\/off-plan-properties-2\/","title":{"rendered":"Off-Plan Projektek"},"content":{"rendered":"<div id=\"cs-content\" class=\"cs-content\"><\/div>\n","protected":false},"excerpt":{"rendered":"<p>\u00c9lj Dubaiban, \u00e9lj az \u00c9denben.Off-Plan Projektek. Ahol \u00e1lmaid otthona \u00e9letre kel. Halott\u00e1l m\u00e1r az Off-Plan projektr\u0151l? K\u00e9pzeld el, hogy megszerzed \u00e1lmaid otthon\u00e1t Dubaiban, miel\u0151tt m\u00e9g l\u00e9tezne.Mi\u00e9rt v\u00e1laszd az Off-Plant n\u00e1lunk? K\u00f6zvetlen kapcsolatokat \u00e1polunk Dubai \u00f6sszes fejleszt\u0151j\u00e9vel, \u00edgy teljes hozz\u00e1f\u00e9r\u00e9st biztos\u00edtunk a piac minden szegmens\u00e9hez. Csapatunk az ig\u00e9nyeidhez igaz\u00edtja a fizet\u00e9si \u00fctemtervet, \u00e9s id\u0151ben \u00e9rtes\u00edtenek az \u00faj projektekr\u0151l\u2014gyakran m\u00e9g azel\u0151tt, hogy &#8230; <a href=\"https:\/\/heavenproperties.com\/hu\/off-plan-properties-2\/\" class=\"more-link\">Read More<\/a><\/p>\n","protected":false},"author":1,"featured_media":0,"parent":0,"menu_order":0,"comment_status":"closed","ping_status":"closed","template":"template-blank-4.php","meta":{"_acf_changed":false,"inline_featured_image":false,"footnotes":""},"class_list":["post-1014","page","type-page","status-publish","hentry","no-post-thumbnail"],"acf":[],"aioseo_notices":[],"_links":{"self":[{"href":"https:\/\/heavenproperties.com\/hu\/wp-json\/wp\/v2\/pages\/1014","targetHints":{"allow":["GET"]}}],"collection":[{"href":"https:\/\/heavenproperties.com\/hu\/wp-json\/wp\/v2\/pages"}],"about":[{"href":"https:\/\/heavenproperties.com\/hu\/wp-json\/wp\/v2\/types\/page"}],"author":[{"embeddable":true,"href":"https:\/\/heavenproperties.com\/hu\/wp-json\/wp\/v2\/users\/1"}],"replies":[{"embeddable":true,"href":"https:\/\/heavenproperties.com\/hu\/wp-json\/wp\/v2\/comments?post=1014"}],"version-history":[{"count":22,"href":"https:\/\/heavenproperties.com\/hu\/wp-json\/wp\/v2\/pages\/1014\/revisions"}],"predecessor-version":[{"id":115567,"href":"https:\/\/heavenproperties.com\/hu\/wp-json\/wp\/v2\/pages\/1014\/revisions\/115567"}],"wp:attachment":[{"href":"https:\/\/heavenproperties.com\/hu\/wp-json\/wp\/v2\/media?parent=1014"}],"curies":[{"name":"wp","href":"https:\/\/api.w.org\/{rel}","templated":true}]}}