{"id":1034,"date":"2024-01-04T22:58:16","date_gmt":"2024-01-04T22:58:16","guid":{"rendered":"https:\/\/heavenproperties.com\/contact-hungarian\/"},"modified":"2025-12-16T00:26:03","modified_gmt":"2025-12-16T00:26:03","slug":"contact-2","status":"publish","type":"page","link":"https:\/\/heavenproperties.com\/hu\/contact-2\/","title":{"rendered":"Kapcsolat"},"content":{"rendered":"<div id=\"cs-content\" class=\"cs-content\"><\/div>\n","protected":false},"excerpt":{"rendered":"<p>Heaven Properties Kapcsolat.Kezdj\u00fck el. Fedezd fel az ingatlanok vil\u00e1g\u00e1t: a t\u00f6k\u00e9letes befektet\u00e9s csak egy \u00fczenetre van t\u0151led.<\/p>\n","protected":false},"author":1,"featured_media":0,"parent":0,"menu_order":0,"comment_status":"closed","ping_status":"closed","template":"template-blank-4.php","meta":{"_acf_changed":false,"inline_featured_image":false,"footnotes":""},"class_list":["post-1034","page","type-page","status-publish","hentry","no-post-thumbnail"],"acf":[],"aioseo_notices":[],"_links":{"self":[{"href":"https:\/\/heavenproperties.com\/hu\/wp-json\/wp\/v2\/pages\/1034","targetHints":{"allow":["GET"]}}],"collection":[{"href":"https:\/\/heavenproperties.com\/hu\/wp-json\/wp\/v2\/pages"}],"about":[{"href":"https:\/\/heavenproperties.com\/hu\/wp-json\/wp\/v2\/types\/page"}],"author":[{"embeddable":true,"href":"https:\/\/heavenproperties.com\/hu\/wp-json\/wp\/v2\/users\/1"}],"replies":[{"embeddable":true,"href":"https:\/\/heavenproperties.com\/hu\/wp-json\/wp\/v2\/comments?post=1034"}],"version-history":[{"count":9,"href":"https:\/\/heavenproperties.com\/hu\/wp-json\/wp\/v2\/pages\/1034\/revisions"}],"predecessor-version":[{"id":115564,"href":"https:\/\/heavenproperties.com\/hu\/wp-json\/wp\/v2\/pages\/1034\/revisions\/115564"}],"wp:attachment":[{"href":"https:\/\/heavenproperties.com\/hu\/wp-json\/wp\/v2\/media?parent=1034"}],"curies":[{"name":"wp","href":"https:\/\/api.w.org\/{rel}","templated":true}]}}