{"id":1112,"date":"2023-11-19T22:15:09","date_gmt":"2023-11-19T22:15:09","guid":{"rendered":"https:\/\/heavenproperties.com\/news-hungarian\/"},"modified":"2025-12-16T00:28:10","modified_gmt":"2025-12-16T00:28:10","slug":"news-2","status":"publish","type":"page","link":"https:\/\/heavenproperties.com\/hu\/news-2\/","title":{"rendered":"H\u00edrek"},"content":{"rendered":"<div id=\"cs-content\" class=\"cs-content\"><\/div>\n","protected":false},"excerpt":{"rendered":"<p>L\u00e9pcs\u0151 a mennyorsz\u00e1gba, most el\u00e9rhet\u0151!H\u00edrek. H\u00edrek.M\u00e9dia.\u00e1pr \/ 2026Dubai \u00faj mega rep\u00fcl\u0151tere \u00e9s a felt\u00f6rekv\u0151 mikropiacok febr \/ 20267 szab\u00e1ly, amely meghat\u00e1rozza egy dubai off-plan \u00fczlet siker\u00e9t vagy buk\u00e1s\u00e1t j\u00fal \/ 2025Mi\u00e9rt Dubaj a Perzsa-\u00f6b\u00f6l legstabilabb v\u00e1rosa gazdas\u00e1gilag? j\u00fan \/ 2025Mi hajtja a piacot, \u00e9s hov\u00e1 \u00e9rdemes fektetni 2025 m\u00e1sodik fel\u00e9ben? m\u00e1rc \/ 2025HOGYAN SEG\u00cdTHET EGY SZAK\u00c9RT\u0150 ELKER\u00dcLNI AZ \u00d6N\u00c1LL\u00d3 INGATLANVAD\u00c1SZAT &#8230; <a href=\"https:\/\/heavenproperties.com\/hu\/news-2\/\" class=\"more-link\">Read More<\/a><\/p>\n","protected":false},"author":1,"featured_media":0,"parent":0,"menu_order":0,"comment_status":"closed","ping_status":"closed","template":"template-blank-4.php","meta":{"_acf_changed":false,"inline_featured_image":false,"footnotes":""},"class_list":["post-1112","page","type-page","status-publish","hentry","no-post-thumbnail"],"acf":[],"aioseo_notices":[],"_links":{"self":[{"href":"https:\/\/heavenproperties.com\/hu\/wp-json\/wp\/v2\/pages\/1112","targetHints":{"allow":["GET"]}}],"collection":[{"href":"https:\/\/heavenproperties.com\/hu\/wp-json\/wp\/v2\/pages"}],"about":[{"href":"https:\/\/heavenproperties.com\/hu\/wp-json\/wp\/v2\/types\/page"}],"author":[{"embeddable":true,"href":"https:\/\/heavenproperties.com\/hu\/wp-json\/wp\/v2\/users\/1"}],"replies":[{"embeddable":true,"href":"https:\/\/heavenproperties.com\/hu\/wp-json\/wp\/v2\/comments?post=1112"}],"version-history":[{"count":13,"href":"https:\/\/heavenproperties.com\/hu\/wp-json\/wp\/v2\/pages\/1112\/revisions"}],"predecessor-version":[{"id":115536,"href":"https:\/\/heavenproperties.com\/hu\/wp-json\/wp\/v2\/pages\/1112\/revisions\/115536"}],"wp:attachment":[{"href":"https:\/\/heavenproperties.com\/hu\/wp-json\/wp\/v2\/media?parent=1112"}],"curies":[{"name":"wp","href":"https:\/\/api.w.org\/{rel}","templated":true}]}}