{"id":115385,"date":"2025-09-03T08:28:55","date_gmt":"2025-09-03T08:28:55","guid":{"rendered":"https:\/\/heavenproperties.com\/budapest-hq-hu\/"},"modified":"2026-01-15T19:11:27","modified_gmt":"2026-01-15T19:11:27","slug":"budapest-hq-hu","status":"publish","type":"page","link":"https:\/\/heavenproperties.com\/hu\/budapest-hq-hu\/","title":{"rendered":"Budapest HQ"},"content":{"rendered":"<div id=\"cs-content\" class=\"cs-content\"><\/div>\n","protected":false},"excerpt":{"rendered":"<p>Heaven Properties Budapest HQHelysz\u00edn. Az irod\u00e1nak a t\u00f6rt\u00e9nelmi Gerbeaud H\u00e1z ad otthont, Budapest egyik legismertebb \u00e9s legnagyobb preszt\u00edzzsel b\u00edr\u00f3 \u00e9p\u00fclete a V\u00f6r\u00f6smarty t\u00e9ren. A 19. sz\u00e1zadi neorenesz\u00e1nsz palota a v\u00e1ros gazdag kultur\u00e1lis \u00f6r\u00f6ks\u00e9g\u00e9nek ikonikus szimb\u00f3luma, amely most a modern luxus \u00faj \u00e9rtelmez\u00e9st kap a Heaven Properties exkluz\u00edv irodater\u00e9ben. Nyolc m\u00e9teres belmagass\u00e1g, k\u00e9zzel faragott r\u00e9szletek, m\u00e1rv\u00e1nyburkolatok \u00e9s kort\u00e1rs m\u0171v\u00e9szeti install\u00e1ci\u00f3k biztos\u00edtj\u00e1k &#8230; <a href=\"https:\/\/heavenproperties.com\/hu\/budapest-hq-hu\/\" class=\"more-link\">Read More<\/a><\/p>\n","protected":false},"author":1,"featured_media":0,"parent":0,"menu_order":0,"comment_status":"closed","ping_status":"closed","template":"template-blank-4.php","meta":{"_acf_changed":false,"inline_featured_image":false,"footnotes":""},"class_list":["post-115385","page","type-page","status-publish","hentry","no-post-thumbnail"],"acf":[],"aioseo_notices":[],"_links":{"self":[{"href":"https:\/\/heavenproperties.com\/hu\/wp-json\/wp\/v2\/pages\/115385","targetHints":{"allow":["GET"]}}],"collection":[{"href":"https:\/\/heavenproperties.com\/hu\/wp-json\/wp\/v2\/pages"}],"about":[{"href":"https:\/\/heavenproperties.com\/hu\/wp-json\/wp\/v2\/types\/page"}],"author":[{"embeddable":true,"href":"https:\/\/heavenproperties.com\/hu\/wp-json\/wp\/v2\/users\/1"}],"replies":[{"embeddable":true,"href":"https:\/\/heavenproperties.com\/hu\/wp-json\/wp\/v2\/comments?post=115385"}],"version-history":[{"count":19,"href":"https:\/\/heavenproperties.com\/hu\/wp-json\/wp\/v2\/pages\/115385\/revisions"}],"predecessor-version":[{"id":118558,"href":"https:\/\/heavenproperties.com\/hu\/wp-json\/wp\/v2\/pages\/115385\/revisions\/118558"}],"wp:attachment":[{"href":"https:\/\/heavenproperties.com\/hu\/wp-json\/wp\/v2\/media?parent=115385"}],"curies":[{"name":"wp","href":"https:\/\/api.w.org\/{rel}","templated":true}]}}