{"id":118600,"date":"2025-12-17T12:39:43","date_gmt":"2025-12-17T12:39:43","guid":{"rendered":"https:\/\/heavenproperties.com\/company-profile-hu\/"},"modified":"2026-01-16T10:44:33","modified_gmt":"2026-01-16T10:44:33","slug":"company-profile-2","status":"publish","type":"page","link":"https:\/\/heavenproperties.com\/hu\/company-profile-2\/","title":{"rendered":"V\u00e1llalati bemutatkoz\u00e1s"},"content":{"rendered":"<div id=\"cs-content\" class=\"cs-content\"><\/div>\n","protected":false},"excerpt":{"rendered":"<p>V\u00edzi\u00f3nk az ingatlanpiacon \u00c9rt\u00e9ket teremt\u00fcnk. \u00daj szinten.Hitvall\u00e1sunk. Olyan tereket nyitunk meg, amelyek val\u00f3ban hozz\u00e1adnak az \u00e9lethez. Nem csak lak\u00e1sokat mutatunk, hasznos, egyenes tan\u00e1csokkal vezetj\u00fck v\u00e9gig az utat. Jelenl\u00e9t\u00fcnk ma Budapest \u00e9s Dubaj, 2026-ban Miami \u00e9s Hong Kong is csatlakozik. Hidakat \u00e9p\u00edt\u00fcnk kult\u00fara, t\u0151ke \u00e9s lehet\u0151s\u00e9g k\u00f6z\u00f6tt, hogy a d\u00f6nt\u00e9sek z\u00f6kken\u0151mentesen haladjanak \u00fcgyfeleinkkel.Az elm\u00falt 12 \u00e9v sor\u00e1n. M\u00e9rf\u00f6ldk\u00f6vek a luxusingatlanok vil\u00e1g\u00e1ban. &#8230; <a href=\"https:\/\/heavenproperties.com\/hu\/company-profile-2\/\" class=\"more-link\">Read More<\/a><\/p>\n","protected":false},"author":1,"featured_media":0,"parent":0,"menu_order":0,"comment_status":"closed","ping_status":"closed","template":"template-blank-4.php","meta":{"_acf_changed":false,"inline_featured_image":false,"footnotes":""},"class_list":["post-118600","page","type-page","status-publish","hentry","no-post-thumbnail"],"acf":[],"aioseo_notices":[],"_links":{"self":[{"href":"https:\/\/heavenproperties.com\/hu\/wp-json\/wp\/v2\/pages\/118600","targetHints":{"allow":["GET"]}}],"collection":[{"href":"https:\/\/heavenproperties.com\/hu\/wp-json\/wp\/v2\/pages"}],"about":[{"href":"https:\/\/heavenproperties.com\/hu\/wp-json\/wp\/v2\/types\/page"}],"author":[{"embeddable":true,"href":"https:\/\/heavenproperties.com\/hu\/wp-json\/wp\/v2\/users\/1"}],"replies":[{"embeddable":true,"href":"https:\/\/heavenproperties.com\/hu\/wp-json\/wp\/v2\/comments?post=118600"}],"version-history":[{"count":63,"href":"https:\/\/heavenproperties.com\/hu\/wp-json\/wp\/v2\/pages\/118600\/revisions"}],"predecessor-version":[{"id":118668,"href":"https:\/\/heavenproperties.com\/hu\/wp-json\/wp\/v2\/pages\/118600\/revisions\/118668"}],"wp:attachment":[{"href":"https:\/\/heavenproperties.com\/hu\/wp-json\/wp\/v2\/media?parent=118600"}],"curies":[{"name":"wp","href":"https:\/\/api.w.org\/{rel}","templated":true}]}}