{"id":205883,"date":"2026-02-11T18:15:54","date_gmt":"2026-02-11T18:15:54","guid":{"rendered":"https:\/\/heavenproperties.com\/thank-you-newsletter-hu\/"},"modified":"2026-02-11T18:21:39","modified_gmt":"2026-02-11T18:21:39","slug":"koszonjuk-a-projekt-jelentkezesed-hu","status":"publish","type":"page","link":"https:\/\/heavenproperties.com\/hu\/koszonjuk-a-projekt-jelentkezesed-hu\/","title":{"rendered":"K\u00f6sz\u00f6nj\u00fck (Newsletter)"},"content":{"rendered":"<div id=\"cs-content\" class=\"cs-content\"><\/div>\n","protected":false},"excerpt":{"rendered":"<p>Heaven Properties Egy l\u00e9p\u00e9ssel k\u00f6zelebb.K\u00f6sz\u00f6nj\u00fck hogy minket v\u00e1lasztott\u00e1l. Hamarosan v\u00e1laszolunk minden k\u00e9rd\u00e9sedre.<\/p>\n","protected":false},"author":1,"featured_media":0,"parent":0,"menu_order":0,"comment_status":"closed","ping_status":"closed","template":"template-blank-6.php","meta":{"_acf_changed":false,"inline_featured_image":false,"footnotes":""},"class_list":["post-205883","page","type-page","status-publish","hentry","no-post-thumbnail"],"acf":[],"aioseo_notices":[],"_links":{"self":[{"href":"https:\/\/heavenproperties.com\/hu\/wp-json\/wp\/v2\/pages\/205883","targetHints":{"allow":["GET"]}}],"collection":[{"href":"https:\/\/heavenproperties.com\/hu\/wp-json\/wp\/v2\/pages"}],"about":[{"href":"https:\/\/heavenproperties.com\/hu\/wp-json\/wp\/v2\/types\/page"}],"author":[{"embeddable":true,"href":"https:\/\/heavenproperties.com\/hu\/wp-json\/wp\/v2\/users\/1"}],"replies":[{"embeddable":true,"href":"https:\/\/heavenproperties.com\/hu\/wp-json\/wp\/v2\/comments?post=205883"}],"version-history":[{"count":10,"href":"https:\/\/heavenproperties.com\/hu\/wp-json\/wp\/v2\/pages\/205883\/revisions"}],"predecessor-version":[{"id":205893,"href":"https:\/\/heavenproperties.com\/hu\/wp-json\/wp\/v2\/pages\/205883\/revisions\/205893"}],"wp:attachment":[{"href":"https:\/\/heavenproperties.com\/hu\/wp-json\/wp\/v2\/media?parent=205883"}],"curies":[{"name":"wp","href":"https:\/\/api.w.org\/{rel}","templated":true}]}}