{"id":3507,"date":"2025-03-04T12:50:41","date_gmt":"2025-03-04T12:50:41","guid":{"rendered":"https:\/\/heavenproperties.com\/career-hu\/"},"modified":"2025-12-16T00:25:18","modified_gmt":"2025-12-16T00:25:18","slug":"career-2","status":"publish","type":"page","link":"https:\/\/heavenproperties.com\/hu\/career-2\/","title":{"rendered":"Karrier"},"content":{"rendered":"<div id=\"cs-content\" class=\"cs-content\"><\/div>\n","protected":false},"excerpt":{"rendered":"<p>Dolgozz vel\u00fcnk, Karrier.\u00c9p\u00edtsd a j\u00f6v\u0151d a Heaven Properties seg\u00edts\u00e9g\u00e9vel. A Heaven Properties-n\u00e9l nem csup\u00e1n ingatlanokat \u00e9rt\u00e9kes\u00edt\u00fcnk \u2013 karriereket \u00e9p\u00edt\u00fcnk. Dinamikus, t\u00e1mogat\u00f3 \u00e9s fejl\u0151d\u00e9sorient\u00e1lt k\u00f6rnyezetet k\u00edn\u00e1lunk, ahol a csapatmunka \u00e9s a szak\u00e9rtelem a siker kulcsa.Csatlakozni hozz\u00e1nk azt jelenti, hogy hozz\u00e1f\u00e9r\u00e9st kapsz az ipar\u00e1g legkiv\u00e1l\u00f3bb szakembereihez, gyakorlati mentor\u00e1l\u00e1shoz \u00e9s egy vir\u00e1gz\u00f3 k\u00f6z\u00f6ss\u00e9ghez, amely \u00e9rt\u00e9keli a benned rejl\u0151 lehet\u0151s\u00e9geket. Olyan eszk\u00f6z\u00f6ket, k\u00e9pz\u00e9seket \u00e9s &#8230; <a href=\"https:\/\/heavenproperties.com\/hu\/career-2\/\" class=\"more-link\">Read More<\/a><\/p>\n","protected":false},"author":1,"featured_media":0,"parent":0,"menu_order":0,"comment_status":"closed","ping_status":"closed","template":"template-blank-4.php","meta":{"_acf_changed":false,"inline_featured_image":false,"footnotes":""},"class_list":["post-3507","page","type-page","status-publish","hentry","no-post-thumbnail"],"acf":[],"aioseo_notices":[],"_links":{"self":[{"href":"https:\/\/heavenproperties.com\/hu\/wp-json\/wp\/v2\/pages\/3507","targetHints":{"allow":["GET"]}}],"collection":[{"href":"https:\/\/heavenproperties.com\/hu\/wp-json\/wp\/v2\/pages"}],"about":[{"href":"https:\/\/heavenproperties.com\/hu\/wp-json\/wp\/v2\/types\/page"}],"author":[{"embeddable":true,"href":"https:\/\/heavenproperties.com\/hu\/wp-json\/wp\/v2\/users\/1"}],"replies":[{"embeddable":true,"href":"https:\/\/heavenproperties.com\/hu\/wp-json\/wp\/v2\/comments?post=3507"}],"version-history":[{"count":10,"href":"https:\/\/heavenproperties.com\/hu\/wp-json\/wp\/v2\/pages\/3507\/revisions"}],"predecessor-version":[{"id":115563,"href":"https:\/\/heavenproperties.com\/hu\/wp-json\/wp\/v2\/pages\/3507\/revisions\/115563"}],"wp:attachment":[{"href":"https:\/\/heavenproperties.com\/hu\/wp-json\/wp\/v2\/media?parent=3507"}],"curies":[{"name":"wp","href":"https:\/\/api.w.org\/{rel}","templated":true}]}}