{"id":8165,"date":"2025-10-29T07:29:10","date_gmt":"2025-10-29T07:29:10","guid":{"rendered":"https:\/\/heavenproperties.com\/?page_id=8165"},"modified":"2025-10-29T09:08:36","modified_gmt":"2025-10-29T09:08:36","slug":"terkep","status":"publish","type":"page","link":"https:\/\/heavenproperties.com\/hu\/terkep\/","title":{"rendered":"T\u00e9rk\u00e9p"},"content":{"rendered":"<div id=\"cs-content\" class=\"cs-content\"><\/div>\n","protected":false},"excerpt":{"rendered":"<p>\u00d6sszes st\u00e1tusz Bejelentve El\u0151\u00e9rt\u00e9kes\u00edt\u00e9s (EOI) \u00c9rt\u00e9kes\u00edt\u00e9s kezdete \u00c9rt\u00e9kes\u00edt\u00e9s alatt K\u00e9szlethi\u00e1ny<\/p>\n","protected":false},"author":5,"featured_media":0,"parent":0,"menu_order":0,"comment_status":"closed","ping_status":"closed","template":"template-blank-4.php","meta":{"_acf_changed":false,"inline_featured_image":false,"footnotes":""},"class_list":["post-8165","page","type-page","status-publish","hentry","no-post-thumbnail"],"acf":[],"aioseo_notices":[],"_links":{"self":[{"href":"https:\/\/heavenproperties.com\/hu\/wp-json\/wp\/v2\/pages\/8165","targetHints":{"allow":["GET"]}}],"collection":[{"href":"https:\/\/heavenproperties.com\/hu\/wp-json\/wp\/v2\/pages"}],"about":[{"href":"https:\/\/heavenproperties.com\/hu\/wp-json\/wp\/v2\/types\/page"}],"author":[{"embeddable":true,"href":"https:\/\/heavenproperties.com\/hu\/wp-json\/wp\/v2\/users\/5"}],"replies":[{"embeddable":true,"href":"https:\/\/heavenproperties.com\/hu\/wp-json\/wp\/v2\/comments?post=8165"}],"version-history":[{"count":2,"href":"https:\/\/heavenproperties.com\/hu\/wp-json\/wp\/v2\/pages\/8165\/revisions"}],"predecessor-version":[{"id":8167,"href":"https:\/\/heavenproperties.com\/hu\/wp-json\/wp\/v2\/pages\/8165\/revisions\/8167"}],"wp:attachment":[{"href":"https:\/\/heavenproperties.com\/hu\/wp-json\/wp\/v2\/media?parent=8165"}],"curies":[{"name":"wp","href":"https:\/\/api.w.org\/{rel}","templated":true}]}}