{"id":916,"date":"2023-11-16T22:21:21","date_gmt":"2023-11-16T22:21:21","guid":{"rendered":"https:\/\/heavenproperties.com\/homepage-hu\/"},"modified":"2026-01-15T16:11:48","modified_gmt":"2026-01-15T16:11:48","slug":"sample-page-2","status":"publish","type":"page","link":"https:\/\/heavenproperties.com\/hu\/","title":{"rendered":"F\u0151oldal"},"content":{"rendered":"<div id=\"cs-content\" class=\"cs-content\"><\/div>\n","protected":false},"excerpt":{"rendered":"<p>Zoom Effekt K\u00e9pre Mert mindenki meg\u00e9rdemel egy darabMennyorsz\u00e1got.Fedezd fel kimagasl\u00f3 360-fokos ingatlan szolg\u00e1ltat\u00e1sainkat. Fedezd felKapcsolat Egy k\u00e9zb\u0151l, minden megold\u00e1s.Egyetlen partner, aki mindent lefed az els\u0151 kapcsolatfelv\u00e9telt\u0151l az \u00e1tad\u00e1sig \u00e9s azon t\u00fal.V\u00e1s\u00e1rl\u00e1s \u00e9s befektet\u00e9s Off-plan projektek, k\u00e9sz ingatlanok, kereskedelmi egys\u00e9gek, telkek \u00e9s fejleszt\u0151i partneri lehet\u0151s\u00e9gek.Exkluz\u00edv els\u0151 hozz\u00e1f\u00e9r\u00e9s a piac legjobb projektjeihez.Hasznos\u00edt\u00e1s Hossz\u00fa t\u00e1v\u00fa b\u00e9rbead\u00e1s, saj\u00e1t property management, kapcsolatunk dubaji \u00e9s nemzetk\u00f6zi &#8230; <a href=\"https:\/\/heavenproperties.com\/hu\/\" class=\"more-link\">Read More<\/a><\/p>\n","protected":false},"author":1,"featured_media":0,"parent":0,"menu_order":0,"comment_status":"closed","ping_status":"open","template":"template-blank-4.php","meta":{"_acf_changed":false,"inline_featured_image":false,"footnotes":""},"class_list":["post-916","page","type-page","status-publish","hentry","no-post-thumbnail"],"acf":[],"aioseo_notices":[],"_links":{"self":[{"href":"https:\/\/heavenproperties.com\/hu\/wp-json\/wp\/v2\/pages\/916","targetHints":{"allow":["GET"]}}],"collection":[{"href":"https:\/\/heavenproperties.com\/hu\/wp-json\/wp\/v2\/pages"}],"about":[{"href":"https:\/\/heavenproperties.com\/hu\/wp-json\/wp\/v2\/types\/page"}],"author":[{"embeddable":true,"href":"https:\/\/heavenproperties.com\/hu\/wp-json\/wp\/v2\/users\/1"}],"replies":[{"embeddable":true,"href":"https:\/\/heavenproperties.com\/hu\/wp-json\/wp\/v2\/comments?post=916"}],"version-history":[{"count":134,"href":"https:\/\/heavenproperties.com\/hu\/wp-json\/wp\/v2\/pages\/916\/revisions"}],"predecessor-version":[{"id":118510,"href":"https:\/\/heavenproperties.com\/hu\/wp-json\/wp\/v2\/pages\/916\/revisions\/118510"}],"wp:attachment":[{"href":"https:\/\/heavenproperties.com\/hu\/wp-json\/wp\/v2\/media?parent=916"}],"curies":[{"name":"wp","href":"https:\/\/api.w.org\/{rel}","templated":true}]}}