{"id":955,"date":"2023-11-19T22:46:29","date_gmt":"2023-11-19T22:46:29","guid":{"rendered":"https:\/\/heavenproperties.com\/why-dubai-hungarian\/"},"modified":"2025-12-16T00:34:09","modified_gmt":"2025-12-16T00:34:09","slug":"why-dubai-2","status":"publish","type":"page","link":"https:\/\/heavenproperties.com\/hu\/why-dubai-2\/","title":{"rendered":"Mi\u00e9rt Dubai"},"content":{"rendered":"<div id=\"cs-content\" class=\"cs-content\"><\/div>\n","protected":false},"excerpt":{"rendered":"<p>Tal\u00e1ld meg a saj\u00e1t mennyorsz\u00e1god, a Dubai napf\u00e9ny alatt!Mi\u00e9rt Dubai?? Fedezz\u00fck fel egy\u00fctt a csod\u00e1t. Turisztikai c\u00e9lpontDubai rep\u00fcl\u0151t\u00e9rLak\u00e1sok \u00e1ra\u00dczleti lehet\u0151s\u00e9gekDubai folyamatosan a vil\u00e1g legjobb turista c\u00e9lpontjak\u00e9nt szerepel, \u00e9vente k\u00f6zel 20 milli\u00f3 l\u00e1togat\u00f3t vonzva. Vibr\u00e1l\u00f3 kult\u00far\u00e1ja, luxus v\u00e1s\u00e1rl\u00e1si lehet\u0151s\u00e9gei \u00e9s ikonikus l\u00e1tnival\u00f3i, mint a Burj Khalifa \u00e9s a Dubaji Sz\u00f6k\u0151k\u00fat, mind-mind elengedhetetlenn\u00e9 teszik a v\u00e1rost a vil\u00e1g utaz\u00f3i sz\u00e1m\u00e1ra. A modernit\u00e1s &#8230; <a href=\"https:\/\/heavenproperties.com\/hu\/why-dubai-2\/\" class=\"more-link\">Read More<\/a><\/p>\n","protected":false},"author":1,"featured_media":0,"parent":0,"menu_order":0,"comment_status":"closed","ping_status":"closed","template":"template-blank-4.php","meta":{"_acf_changed":false,"inline_featured_image":false,"footnotes":""},"class_list":["post-955","page","type-page","status-publish","hentry","no-post-thumbnail"],"acf":[],"aioseo_notices":[],"_links":{"self":[{"href":"https:\/\/heavenproperties.com\/hu\/wp-json\/wp\/v2\/pages\/955","targetHints":{"allow":["GET"]}}],"collection":[{"href":"https:\/\/heavenproperties.com\/hu\/wp-json\/wp\/v2\/pages"}],"about":[{"href":"https:\/\/heavenproperties.com\/hu\/wp-json\/wp\/v2\/types\/page"}],"author":[{"embeddable":true,"href":"https:\/\/heavenproperties.com\/hu\/wp-json\/wp\/v2\/users\/1"}],"replies":[{"embeddable":true,"href":"https:\/\/heavenproperties.com\/hu\/wp-json\/wp\/v2\/comments?post=955"}],"version-history":[{"count":36,"href":"https:\/\/heavenproperties.com\/hu\/wp-json\/wp\/v2\/pages\/955\/revisions"}],"predecessor-version":[{"id":115569,"href":"https:\/\/heavenproperties.com\/hu\/wp-json\/wp\/v2\/pages\/955\/revisions\/115569"}],"wp:attachment":[{"href":"https:\/\/heavenproperties.com\/hu\/wp-json\/wp\/v2\/media?parent=955"}],"curies":[{"name":"wp","href":"https:\/\/api.w.org\/{rel}","templated":true}]}}